{"id":8572,"date":"2023-06-05T15:04:01","date_gmt":"2023-06-05T14:04:01","guid":{"rendered":"https:\/\/followyournose.earth\/?page_id=8572"},"modified":"2023-06-07T08:03:07","modified_gmt":"2023-06-07T07:03:07","slug":"altx","status":"publish","type":"page","link":"https:\/\/followyournose.earth\/?page_id=8572","title":{"rendered":"fyn 18\/19"},"content":{"rendered":"<div class=\"wp-block-image\">\n<figure class=\"alignleft\"><a href=\"https:\/\/followyournose.earth\/wp-content\/uploads\/2017\/12\/naseneu.jpg\"><img decoding=\"async\" width=\"315\" height=\"275\" src=\"https:\/\/followyournose.earth\/wp-content\/uploads\/2017\/12\/naseneu.jpg\" alt=\"\" class=\"wp-image-707\" srcset=\"https:\/\/followyournose.earth\/wp-content\/uploads\/2017\/12\/naseneu.jpg 315w, https:\/\/followyournose.earth\/wp-content\/uploads\/2017\/12\/naseneu-275x240.jpg 275w\" sizes=\"(max-width: 315px) 100vw, 315px\" \/><\/a><\/figure>\n<\/div>\n\n\n<p>Immer der Nase nach, ohne festen Plan.<br>Fremde Menschen, andere Kulturen und neue Umgebungen kennenlernen.<br>Grenzen&nbsp;\u00fcberschreiten.<br>Ein Jahr Zeit!&nbsp; &nbsp; <em>&nbsp;Juli 2018<\/em><\/p>\n\n\n\n<p>Wir sind zur\u00fcck in der Heimat! Zur\u00fcck bei Familie, Freunden und Mettbr\u00f6tchen.<br>Wir bereuen nichts!&nbsp; &nbsp; &nbsp;<em>Juni 2019<\/em><\/p>\n ","protected":false},"excerpt":{"rendered":"<p>Immer der Nase nach, ohne festen Plan.Fremde Menschen, andere Kulturen und neue Umgebungen kennenlernen.Grenzen&nbsp;\u00fcberschreiten.Ein Jahr Zeit!&nbsp; &nbsp; &nbsp;Juli 2018 Wir sind zur\u00fcck in der Heimat! Zur\u00fcck bei Familie, Freunden und Mettbr\u00f6tchen.Wir bereuen nichts!&nbsp; &nbsp; &nbsp;Juni 2019<\/p>\n","protected":false},"author":1,"featured_media":0,"parent":0,"menu_order":0,"comment_status":"closed","ping_status":"closed","template":"","meta":{"footnotes":""},"class_list":["post-8572","page","type-page","status-publish","hentry"],"_links":{"self":[{"href":"https:\/\/followyournose.earth\/index.php?rest_route=\/wp\/v2\/pages\/8572","targetHints":{"allow":["GET"]}}],"collection":[{"href":"https:\/\/followyournose.earth\/index.php?rest_route=\/wp\/v2\/pages"}],"about":[{"href":"https:\/\/followyournose.earth\/index.php?rest_route=\/wp\/v2\/types\/page"}],"author":[{"embeddable":true,"href":"https:\/\/followyournose.earth\/index.php?rest_route=\/wp\/v2\/users\/1"}],"replies":[{"embeddable":true,"href":"https:\/\/followyournose.earth\/index.php?rest_route=%2Fwp%2Fv2%2Fcomments&post=8572"}],"version-history":[{"count":3,"href":"https:\/\/followyournose.earth\/index.php?rest_route=\/wp\/v2\/pages\/8572\/revisions"}],"predecessor-version":[{"id":8587,"href":"https:\/\/followyournose.earth\/index.php?rest_route=\/wp\/v2\/pages\/8572\/revisions\/8587"}],"wp:attachment":[{"href":"https:\/\/followyournose.earth\/index.php?rest_route=%2Fwp%2Fv2%2Fmedia&parent=8572"}],"curies":[{"name":"wp","href":"https:\/\/api.w.org\/{rel}","templated":true}]}}