{"id":8453,"date":"2019-05-29T20:53:38","date_gmt":"2019-05-29T19:53:38","guid":{"rendered":"https:\/\/followyournose.earth\/?page_id=8453"},"modified":"2023-06-07T10:17:10","modified_gmt":"2023-06-07T09:17:10","slug":"23-zurueck-in-dortmund","status":"publish","type":"page","link":"https:\/\/followyournose.earth\/?page_id=8453","title":{"rendered":"23. Dortmund"},"content":{"rendered":"\n<p><strong>Fazit zur Reise<\/strong><\/p>\n\n\n\n<p>Das Motto unserer Reise war:&nbsp;<\/p>\n\n\n\n<p><em>follow your nose, whenever it goes<\/em><br><em>Immer der Nase nach, ohne festen Plan.<\/em><\/p>\n\n\n\n<p>Na ja, so ganz ohne Plan ging es nat\u00fcrlich nicht, allein schon wegen der Buchungen von Fl\u00fcgen, Unterk\u00fcnften und Touren. Gerne h\u00e4tte man sich hier und da mal einfach treiben und die Dinge auf sich zukommen lassen. Aber dann h\u00e4tten wir wesentlich weniger gesehen und so manches tolle Erlebnis &#8211; durchaus auch mal zu nachtschlafender Zeit &#8211; nicht gehabt. Unsere Nase f\u00fchrte uns aber immer wieder zu beeindruckenden Zielen, und letztendlich sahen wir viel mehr, als wir uns zu Beginn der Tour vorstellen konnten.<\/p>\n\n\n\n<p><em>Fremde Menschen, andere Kulturen und neue Umgebungen kennenlernen.<\/em><br><em>Grenzen&nbsp;\u00fcberschreiten. Ein Jahr Zeit!<\/em><\/p>\n\n\n\n<p>In zehneinhalb Monaten trafen wir immer wieder die unterschiedlichsten Menschen und konnten mit vielen intensive Gespr\u00e4che f\u00fchren, manchmal sogar, wenn man sich gerade erst kennengelernt hatte. Wir sahen sogar einige w\u00e4hrend der Reise in anderen L\u00e4ndern oder St\u00e4dten wieder. Die Ber\u00fchrung mit fremden Kulturen war zum Teil hautnah, manchmal sogar grenz\u00fcberschreitend, wenn wir uns zum Beispiel an das Essen von Hundefleisch in Saigon erinnern oder an unsere Tortour im kuhschei\u00dfekontaminierten Wasser im indischen Pushkar.<\/p>\n\n\n\n<p>Manchmal stellten wir Vergleiche zu Deutschland an, und h\u00e4ufig stellten wir fest, das andere L\u00e4nder Dinge, \u00fcber die man bei uns ellenlang fast bis zum Erbrechen diskutiert (z.B. Elektroroller oder Uber), schon lange erfolgreich umgesetzt haben. Da k\u00f6nnte Deutschland viel von anderen L\u00e4ndern abgucken. Zum Beispiel ist das Mobilfunknetz in armen Entwicklungsl\u00e4ndern wie Myanmar oder Bolivien selbst auf dem Land viel stabiler und schneller als im Ruhrgebiet.&nbsp;<\/p>\n\n\n\n<p>Einmal wurden wir gefragt: \u201eWas an Deutschland vermisst ihr auf eurer Reise?\u201c Klaus musste nicht lange \u00fcberlegen: Den ALDI!&nbsp; Nirgends auf der Welt kann man so g\u00fcnstig und vor allem mit einer so effizienten Abwicklung an den Kassen einkaufen. Andere fragten: \u201eHabt ihr nach so langer Zeit auch mal Heimweh?\u201c Klare Antwort: NEIN ! Aber nat\u00fcrlich freut man sich auch auf die R\u00fcckkehr nach Hause, um endlich die Familie und Freunde wiederzusehen, oder auch auf ein Mett- oder Matjesbr\u00f6tchen.&nbsp;<\/p>\n\n\n\n<p>Den Blog haben viele intensiv gelesen, einige waren sogar fast t\u00e4glich quasi hautnah dabei, andere schauten ab und zu mal rein. Uns hat es jedenfalls viel Spa\u00df gemacht unsere Reise so zu dokumentieren und wir hoffen, dass es allen Lesern Freude bereitet hat, unsere Reise hier zu verfolgen!&nbsp;<\/p>\n\n\n\n<p>\u2014<\/p>\n\n\n\n<p>30.05.2019: Zur\u00fcck in \u201eSweet Home L\u00fctgendortmund\u201c<\/p>\n\n\n\n<p>Nach 49 Fl\u00fcgen, 62 neuen Stempeln im Pass, 59.164 Fotos, 7 Mietwagen mit 18.098 selbstgefahrenen Kilometern, 3 Besuchen von Rixa, einem Besuch von Max und Elisabeth, 2 Stippvisiten in Krankenh\u00e4usern, 3 verlorenen Sonnenbrillen, einem Ruxsackdiebstahl mit erfolgreicher R\u00fcckf\u00fchrung, einem Kreditkartenbetrug, einigen neuen Freunden und unendlich vielen neuen Eindr\u00fccken landen wir wieder in D\u00fcsseldorf.&nbsp;<\/p>\n\n\n\n<p>Werner, der die Reise mit uns in S\u00fcdafrika begann, holt uns vom Flughafen ab. Das freut uns sehr! Er kommt zusammen mit James aus Niagara Falls, der sich schon seit Herbst f\u00fcr ein Auslandsjahr in Dortmund aufh\u00e4lt. Vor f\u00fcnf Tagen fuhren wir noch mit dem Lincoln Continental seines Vaters durch Niagara Falls. Rixa f\u00e4hrt mit der Bahn nach M\u00fcnster zur\u00fcck und wir mit dem Auto nach Dortmund. Vor dem Haus schie\u00dfen wir ein Ankunftsfoto und dann geht es nach zehneinhalb erlebnisreichen Monaten ins eigene Haus. Ich will erst einmal meinen Ruxsack im Esszimmer abstellen. Pl\u00f6tzlich f\u00e4ngt dort ein Empfangskomitee laut an zu singen. Wir sind platt, damit hatten wir nun wirklich nicht gerechnet.&nbsp;<\/p>\n\n\n\n<p>Meine Kollegen Tine, Ilona, Werner, Tanja, Inga, der Lange, Kalik, Sabbel, Sarah, Alex mit Sohn Emil und unsere Nachbarn Torsten und Britta mit Hendrik und Laura sowie Anne und unser Haussitter Bernd singen das Lied \u201cSweet Home L\u00fctgendortmund\u201c unter Gitarrenbegleitung vom Langen. Das ist der Hammer, was f\u00fcr ein Empfang! Wir freuen uns sehr! Der K\u00fchlschrank ist auch gef\u00fcllt und es gibt ein ordentliches Buffett. Der Abend wird lang. Besser h\u00e4tte die R\u00fcckkunft nicht sein k\u00f6nnen!!!<\/p>\n\n\n\n<style type=\"text\/css\">\n#foogallery-gallery-8460 .fg-image { width: 250px; }\n#foogallery-gallery-8460 { --fg-gutter: 25px; }<\/style>\n\t\t\t<div class=\"foogallery foogallery-container foogallery-default foogallery-lightbox-foobox fg-center fg-default fg-ready fg-light fg-border-thin fg-shadow-outline fg-loading-default fg-loaded-fade-in fg-caption-hover fg-hover-fade fg-hover-zoom\" id=\"foogallery-gallery-8460\" data-foogallery=\"{&quot;item&quot;:{&quot;showCaptionTitle&quot;:true,&quot;showCaptionDescription&quot;:true},&quot;lazy&quot;:true}\" style=\"--fg-title-line-clamp: 0; --fg-description-line-clamp: 0;\" >\n\t<div class=\"fg-item fg-type-image fg-idle\"><figure class=\"fg-item-inner\"><a href=\"https:\/\/followyournose.earth\/wp-content\/uploads\/2017\/12\/IMG_3808.jpg\" data-attachment-id=\"8466\" data-type=\"image\" class=\"fg-thumb\"><span class=\"fg-image-wrap\"><img decoding=\"async\" width=\"250\" height=\"150\" class=\"skip-lazy fg-image\" data-src-fg=\"https:\/\/followyournose.earth\/wp-content\/uploads\/cache\/2017\/12\/IMG_3808\/2577746570.jpg\" src=\"data:image\/svg+xml,%3Csvg%20xmlns%3D%22http%3A%2F%2Fwww.w3.org%2F2000%2Fsvg%22%20width%3D%22250%22%20height%3D%22150%22%20viewBox%3D%220%200%20250%20150%22%3E%3C%2Fsvg%3E\" loading=\"eager\"><\/span><span class=\"fg-image-overlay\"><\/span><\/a><\/figure><div class=\"fg-loader\"><\/div><\/div><div class=\"fg-item fg-type-image fg-idle\"><figure class=\"fg-item-inner\"><a href=\"https:\/\/followyournose.earth\/wp-content\/uploads\/2017\/12\/IMG_3822.jpg\" data-attachment-id=\"8465\" data-type=\"image\" class=\"fg-thumb\"><span class=\"fg-image-wrap\"><img decoding=\"async\" width=\"250\" height=\"150\" class=\"skip-lazy fg-image\" data-src-fg=\"https:\/\/followyournose.earth\/wp-content\/uploads\/cache\/2017\/12\/IMG_3822\/2366323368.jpg\" src=\"data:image\/svg+xml,%3Csvg%20xmlns%3D%22http%3A%2F%2Fwww.w3.org%2F2000%2Fsvg%22%20width%3D%22250%22%20height%3D%22150%22%20viewBox%3D%220%200%20250%20150%22%3E%3C%2Fsvg%3E\" loading=\"eager\"><\/span><span class=\"fg-image-overlay\"><\/span><\/a><\/figure><div class=\"fg-loader\"><\/div><\/div><div class=\"fg-item fg-type-image fg-idle\"><figure class=\"fg-item-inner\"><a href=\"https:\/\/followyournose.earth\/wp-content\/uploads\/2017\/12\/IMG_7228-2-e1559324740567.jpg\" data-attachment-id=\"8462\" data-type=\"image\" class=\"fg-thumb\"><span class=\"fg-image-wrap\"><img decoding=\"async\" width=\"250\" height=\"150\" class=\"skip-lazy fg-image\" data-src-fg=\"https:\/\/followyournose.earth\/wp-content\/uploads\/cache\/2017\/12\/IMG_7228-2-e1559324740567\/752858588.jpg\" src=\"data:image\/svg+xml,%3Csvg%20xmlns%3D%22http%3A%2F%2Fwww.w3.org%2F2000%2Fsvg%22%20width%3D%22250%22%20height%3D%22150%22%20viewBox%3D%220%200%20250%20150%22%3E%3C%2Fsvg%3E\" loading=\"eager\"><\/span><span class=\"fg-image-overlay\"><\/span><\/a><\/figure><div class=\"fg-loader\"><\/div><\/div><div class=\"fg-item fg-type-image fg-idle\"><figure class=\"fg-item-inner\"><a href=\"https:\/\/followyournose.earth\/wp-content\/uploads\/2017\/12\/IMG_7241-1.jpg\" data-attachment-id=\"8461\" data-type=\"image\" class=\"fg-thumb\"><span class=\"fg-image-wrap\"><img decoding=\"async\" width=\"250\" height=\"150\" class=\"skip-lazy fg-image\" data-src-fg=\"https:\/\/followyournose.earth\/wp-content\/uploads\/cache\/2017\/12\/IMG_7241-1\/2777432418.jpg\" src=\"data:image\/svg+xml,%3Csvg%20xmlns%3D%22http%3A%2F%2Fwww.w3.org%2F2000%2Fsvg%22%20width%3D%22250%22%20height%3D%22150%22%20viewBox%3D%220%200%20250%20150%22%3E%3C%2Fsvg%3E\" loading=\"eager\"><\/span><span class=\"fg-image-overlay\"><\/span><\/a><\/figure><div class=\"fg-loader\"><\/div><\/div><div class=\"fg-item fg-type-image fg-idle\"><figure class=\"fg-item-inner\"><a href=\"https:\/\/followyournose.earth\/wp-content\/uploads\/2017\/12\/IMG_3827-1.jpg\" data-attachment-id=\"8464\" data-type=\"image\" class=\"fg-thumb\"><span class=\"fg-image-wrap\"><img decoding=\"async\" width=\"250\" height=\"150\" class=\"skip-lazy fg-image\" data-src-fg=\"https:\/\/followyournose.earth\/wp-content\/uploads\/cache\/2017\/12\/IMG_3827-1\/2027118622.jpg\" src=\"data:image\/svg+xml,%3Csvg%20xmlns%3D%22http%3A%2F%2Fwww.w3.org%2F2000%2Fsvg%22%20width%3D%22250%22%20height%3D%22150%22%20viewBox%3D%220%200%20250%20150%22%3E%3C%2Fsvg%3E\" loading=\"eager\"><\/span><span class=\"fg-image-overlay\"><\/span><\/a><\/figure><div class=\"fg-loader\"><\/div><\/div><div class=\"fg-item fg-type-image fg-idle\"><figure class=\"fg-item-inner\"><a href=\"https:\/\/followyournose.earth\/wp-content\/uploads\/2017\/12\/IMG_3829.jpg\" data-attachment-id=\"8463\" data-type=\"image\" class=\"fg-thumb\"><span class=\"fg-image-wrap\"><img decoding=\"async\" width=\"250\" height=\"150\" class=\"skip-lazy fg-image\" data-src-fg=\"https:\/\/followyournose.earth\/wp-content\/uploads\/cache\/2017\/12\/IMG_3829\/1545644135.jpg\" src=\"data:image\/svg+xml,%3Csvg%20xmlns%3D%22http%3A%2F%2Fwww.w3.org%2F2000%2Fsvg%22%20width%3D%22250%22%20height%3D%22150%22%20viewBox%3D%220%200%20250%20150%22%3E%3C%2Fsvg%3E\" loading=\"eager\"><\/span><span class=\"fg-image-overlay\"><\/span><\/a><\/figure><div class=\"fg-loader\"><\/div><\/div><\/div>\n\n ","protected":false},"excerpt":{"rendered":"<p>Fazit zur Reise Das Motto unserer Reise war:&nbsp; follow your nose, whenever it goesImmer der Nase nach, ohne festen Plan. Na ja, so ganz ohne Plan ging es nat\u00fcrlich nicht, allein schon wegen der Buchungen von Fl\u00fcgen, Unterk\u00fcnften und Touren.<\/p>\n","protected":false},"author":1,"featured_media":0,"parent":387,"menu_order":15,"comment_status":"closed","ping_status":"closed","template":"","meta":{"footnotes":""},"class_list":["post-8453","page","type-page","status-publish","hentry"],"_links":{"self":[{"href":"https:\/\/followyournose.earth\/index.php?rest_route=\/wp\/v2\/pages\/8453","targetHints":{"allow":["GET"]}}],"collection":[{"href":"https:\/\/followyournose.earth\/index.php?rest_route=\/wp\/v2\/pages"}],"about":[{"href":"https:\/\/followyournose.earth\/index.php?rest_route=\/wp\/v2\/types\/page"}],"author":[{"embeddable":true,"href":"https:\/\/followyournose.earth\/index.php?rest_route=\/wp\/v2\/users\/1"}],"replies":[{"embeddable":true,"href":"https:\/\/followyournose.earth\/index.php?rest_route=%2Fwp%2Fv2%2Fcomments&post=8453"}],"version-history":[{"count":13,"href":"https:\/\/followyournose.earth\/index.php?rest_route=\/wp\/v2\/pages\/8453\/revisions"}],"predecessor-version":[{"id":9018,"href":"https:\/\/followyournose.earth\/index.php?rest_route=\/wp\/v2\/pages\/8453\/revisions\/9018"}],"up":[{"embeddable":true,"href":"https:\/\/followyournose.earth\/index.php?rest_route=\/wp\/v2\/pages\/387"}],"wp:attachment":[{"href":"https:\/\/followyournose.earth\/index.php?rest_route=%2Fwp%2Fv2%2Fmedia&parent=8453"}],"curies":[{"name":"wp","href":"https:\/\/api.w.org\/{rel}","templated":true}]}}